{"id":344,"date":"2026-03-26T18:08:57","date_gmt":"2026-03-26T18:08:57","guid":{"rendered":"https:\/\/clinicaacostaortiz.terrabytesystem.com\/?page_id=344"},"modified":"2026-04-07T14:12:52","modified_gmt":"2026-04-07T14:12:52","slug":"promociones-del-mes","status":"publish","type":"page","link":"https:\/\/clinicaacostaortiz.com\/nueva\/promociones-del-mes\/","title":{"rendered":"Promociones del Mes"},"content":{"rendered":"<style>.elementor-344 .elementor-element.elementor-element-204e5ae > .elementor-container{max-width:1170px;}.elementor-344 .elementor-element.elementor-element-204e5ae:not(.elementor-motion-effects-element-type-background), .elementor-344 .elementor-element.elementor-element-204e5ae > .elementor-motion-effects-container > .elementor-motion-effects-layer{background-image:url(\"https:\/\/clinicaacostaortiz.com\/nueva\/wp-content\/uploads\/2026\/03\/filling-in-medical-form.jpg\");background-position:center center;background-repeat:no-repeat;background-size:cover;}.elementor-344 .elementor-element.elementor-element-204e5ae > .elementor-background-overlay{background-color:var( --e-global-color-primary );opacity:0.65;transition:background 0.3s, border-radius 0.3s, opacity 0.3s;}.elementor-344 .elementor-element.elementor-element-204e5ae{transition:background 0.3s, border 0.3s, border-radius 0.3s, box-shadow 0.3s;padding:140px 0px 140px 0px;}.elementor-344 .elementor-element.elementor-element-174517d{text-align:center;}.elementor-344 .elementor-element.elementor-element-174517d .elementor-heading-title{font-family:var( --e-global-typography-07ee36d-font-family ), Sans-serif;font-size:var( --e-global-typography-07ee36d-font-size );font-weight:var( --e-global-typography-07ee36d-font-weight );line-height:var( --e-global-typography-07ee36d-line-height );letter-spacing:var( --e-global-typography-07ee36d-letter-spacing );word-spacing:var( --e-global-typography-07ee36d-word-spacing );color:#FFFFFF;}.elementor-344 .elementor-element.elementor-element-ddb9578 > .elementor-container{max-width:1170px;}.elementor-344 .elementor-element.elementor-element-ddb9578 > .elementor-background-overlay{opacity:0.22;}.elementor-344 .elementor-element.elementor-element-ddb9578{margin-top:0px;margin-bottom:0px;padding:100px 0px 100px 0px;}.elementor-344 .elementor-element.elementor-element-21f262b{text-align:start;}.elementor-344 .elementor-element.elementor-element-21f262b img{width:85%;border-radius:5px 5px 5px 5px;box-shadow:39px 39px 0px 5px rgba(0, 229, 204.00000000000006, 0.17);}.elementor-344 .elementor-element.elementor-element-ce518fa{text-align:start;}.elementor-344 .elementor-element.elementor-element-ce518fa img{width:85%;border-radius:5px 5px 5px 5px;box-shadow:39px 39px 0px 5px rgba(0, 229, 204.00000000000006, 0.17);}.elementor-344 .elementor-element.elementor-element-09beba6{text-align:start;}.elementor-344 .elementor-element.elementor-element-09beba6 img{width:85%;border-radius:5px 5px 5px 5px;box-shadow:39px 39px 0px 5px rgba(0, 229, 204.00000000000006, 0.17);}.elementor-344 .elementor-element.elementor-element-d6be99f:not(.elementor-motion-effects-element-type-background), .elementor-344 .elementor-element.elementor-element-d6be99f > .elementor-motion-effects-container > .elementor-motion-effects-layer{background-image:url(\"https:\/\/clinicaacostaortiz.com\/nueva\/wp-content\/uploads\/2026\/04\/IMG_0700.jpg\");background-position:center center;background-repeat:no-repeat;background-size:cover;}.elementor-344 .elementor-element.elementor-element-d6be99f > .elementor-background-overlay{background-color:transparent;background-image:linear-gradient(110deg, #000E444D 61%, var( --e-global-color-primary ) 55%);opacity:1;transition:background 0.3s, border-radius 0.3s, opacity 0.3s;}.elementor-344 .elementor-element.elementor-element-d6be99f{transition:background 0.3s, border 0.3s, border-radius 0.3s, box-shadow 0.3s;padding:160px 0px 160px 0px;}.elementor-344 .elementor-element.elementor-element-86ccd94:not(.elementor-motion-effects-element-type-background) > .elementor-widget-wrap, .elementor-344 .elementor-element.elementor-element-86ccd94 > .elementor-widget-wrap > .elementor-motion-effects-container > .elementor-motion-effects-layer{background-color:#FFFFFF;}.elementor-344 .elementor-element.elementor-element-86ccd94 > .elementor-element-populated, .elementor-344 .elementor-element.elementor-element-86ccd94 > .elementor-element-populated > .elementor-background-overlay, .elementor-344 .elementor-element.elementor-element-86ccd94 > .elementor-background-slideshow{border-radius:10px 10px 10px 10px;}.elementor-344 .elementor-element.elementor-element-86ccd94 > .elementor-element-populated{transition:background 0.3s, border 0.3s, border-radius 0.3s, box-shadow 0.3s;padding:80px 80px 80px 80px;}.elementor-344 .elementor-element.elementor-element-86ccd94 > .elementor-element-populated > .elementor-background-overlay{transition:background 0.3s, border-radius 0.3s, opacity 0.3s;}.elementor-344 .elementor-element.elementor-element-b5f27a0 .elementor-icon-box-wrapper{align-items:center;gap:25px;}.elementor-344 .elementor-element.elementor-element-b5f27a0 .elementor-icon-box-title{margin-block-end:5px;color:var( --e-global-color-primary );}.elementor-344 .elementor-element.elementor-element-b5f27a0.elementor-view-stacked .elementor-icon{background-color:#FFFFFF;fill:var( --e-global-color-accent );color:var( --e-global-color-accent );}.elementor-344 .elementor-element.elementor-element-b5f27a0.elementor-view-framed .elementor-icon, .elementor-344 .elementor-element.elementor-element-b5f27a0.elementor-view-default .elementor-icon{fill:#FFFFFF;color:#FFFFFF;border-color:#FFFFFF;}.elementor-344 .elementor-element.elementor-element-b5f27a0.elementor-view-framed .elementor-icon{background-color:var( --e-global-color-accent );}.elementor-344 .elementor-element.elementor-element-b5f27a0 .elementor-icon{font-size:40px;padding:15px;border-width:0px 0px 0px 0px;border-radius:5px 5px 5px 5px;}.elementor-344 .elementor-element.elementor-element-b5f27a0 .elementor-icon-box-title, .elementor-344 .elementor-element.elementor-element-b5f27a0 .elementor-icon-box-title a{font-family:var( --e-global-typography-secondary-font-family ), Sans-serif;font-size:var( --e-global-typography-secondary-font-size );font-weight:var( --e-global-typography-secondary-font-weight );line-height:var( --e-global-typography-secondary-line-height );}.elementor-344 .elementor-element.elementor-element-b5f27a0 .elementor-icon-box-description{font-family:var( --e-global-typography-text-font-family ), Sans-serif;font-size:var( --e-global-typography-text-font-size );font-weight:var( --e-global-typography-text-font-weight );line-height:var( --e-global-typography-text-line-height );color:#FFFFFF;}.elementor-344 .elementor-element.elementor-element-96e160a .elementor-icon-box-wrapper{align-items:center;gap:15px;}.elementor-344 .elementor-element.elementor-element-96e160a .elementor-icon-box-title{margin-block-end:0px;color:var( --e-global-color-primary );}.elementor-344 .elementor-element.elementor-element-96e160a.elementor-view-stacked .elementor-icon{background-color:var( --e-global-color-accent );}.elementor-344 .elementor-element.elementor-element-96e160a.elementor-view-framed .elementor-icon, .elementor-344 .elementor-element.elementor-element-96e160a.elementor-view-default .elementor-icon{fill:var( --e-global-color-accent );color:var( --e-global-color-accent );border-color:var( --e-global-color-accent );}.elementor-344 .elementor-element.elementor-element-96e160a .elementor-icon{font-size:32px;}.elementor-344 .elementor-element.elementor-element-96e160a .elementor-icon-box-title, .elementor-344 .elementor-element.elementor-element-96e160a .elementor-icon-box-title a{font-family:var( --e-global-typography-6971851-font-family ), Sans-serif;font-size:var( --e-global-typography-6971851-font-size );font-weight:var( --e-global-typography-6971851-font-weight );line-height:var( --e-global-typography-6971851-line-height );letter-spacing:var( --e-global-typography-6971851-letter-spacing );word-spacing:var( --e-global-typography-6971851-word-spacing );}.elementor-344 .elementor-element.elementor-element-96e160a .elementor-icon-box-description{color:#FFFFFF;}:root{--page-title-display:none;}@media(max-width:1024px) and (min-width:768px){.elementor-344 .elementor-element.elementor-element-c84b7f5{width:100%;}.elementor-344 .elementor-element.elementor-element-4a98d23{width:100%;}.elementor-344 .elementor-element.elementor-element-53a2164{width:100%;}.elementor-344 .elementor-element.elementor-element-86ccd94{width:100%;}}@media(max-width:1024px){.elementor-344 .elementor-element.elementor-element-204e5ae{padding:120px 10px 120px 10px;}.elementor-344 .elementor-element.elementor-element-174517d .elementor-heading-title{font-size:var( --e-global-typography-07ee36d-font-size );line-height:var( --e-global-typography-07ee36d-line-height );letter-spacing:var( --e-global-typography-07ee36d-letter-spacing );word-spacing:var( --e-global-typography-07ee36d-word-spacing );}.elementor-344 .elementor-element.elementor-element-ddb9578{padding:80px 10px 80px 10px;}.elementor-344 .elementor-element.elementor-element-c84b7f5 > .elementor-element-populated{padding:10px 10px 40px 10px;}.elementor-344 .elementor-element.elementor-element-21f262b{text-align:start;}.elementor-344 .elementor-element.elementor-element-4a98d23 > .elementor-element-populated{padding:10px 10px 40px 10px;}.elementor-344 .elementor-element.elementor-element-ce518fa{text-align:start;}.elementor-344 .elementor-element.elementor-element-53a2164 > .elementor-element-populated{padding:10px 10px 40px 10px;}.elementor-344 .elementor-element.elementor-element-09beba6{text-align:start;}.elementor-344 .elementor-element.elementor-element-d6be99f{padding:300px 20px 100px 20px;}.elementor-344 .elementor-element.elementor-element-86ccd94 > .elementor-element-populated{padding:40px 40px 40px 40px;}.elementor-344 .elementor-element.elementor-element-b5f27a0 .elementor-icon-box-title, .elementor-344 .elementor-element.elementor-element-b5f27a0 .elementor-icon-box-title a{font-size:var( --e-global-typography-secondary-font-size );line-height:var( --e-global-typography-secondary-line-height );}.elementor-344 .elementor-element.elementor-element-b5f27a0 .elementor-icon-box-description{font-size:var( --e-global-typography-text-font-size );line-height:var( --e-global-typography-text-line-height );}.elementor-344 .elementor-element.elementor-element-96e160a .elementor-icon-box-title, .elementor-344 .elementor-element.elementor-element-96e160a .elementor-icon-box-title a{font-size:var( --e-global-typography-6971851-font-size );line-height:var( --e-global-typography-6971851-line-height );letter-spacing:var( --e-global-typography-6971851-letter-spacing );word-spacing:var( --e-global-typography-6971851-word-spacing );}}@media(max-width:767px){.elementor-344 .elementor-element.elementor-element-204e5ae{padding:80px 10px 80px 10px;}.elementor-344 .elementor-element.elementor-element-174517d .elementor-heading-title{font-size:var( --e-global-typography-07ee36d-font-size );line-height:var( --e-global-typography-07ee36d-line-height );letter-spacing:var( --e-global-typography-07ee36d-letter-spacing );word-spacing:var( --e-global-typography-07ee36d-word-spacing );}.elementor-344 .elementor-element.elementor-element-ddb9578{padding:40px 10px 40px 10px;}.elementor-344 .elementor-element.elementor-element-c84b7f5 > .elementor-element-populated{padding:10px 10px 10px 10px;}.elementor-344 .elementor-element.elementor-element-4a98d23 > .elementor-element-populated{padding:10px 10px 10px 10px;}.elementor-344 .elementor-element.elementor-element-53a2164 > .elementor-element-populated{padding:10px 10px 10px 10px;}.elementor-344 .elementor-element.elementor-element-d6be99f{padding:40px 20px 40px 20px;}.elementor-344 .elementor-element.elementor-element-86ccd94 > .elementor-element-populated{padding:40px 30px 40px 30px;}.elementor-344 .elementor-element.elementor-element-b5f27a0 .elementor-icon-box-wrapper{gap:0px;}.elementor-344 .elementor-element.elementor-element-b5f27a0 .elementor-icon{font-size:30px;}.elementor-344 .elementor-element.elementor-element-b5f27a0 .elementor-icon-box-title, .elementor-344 .elementor-element.elementor-element-b5f27a0 .elementor-icon-box-title a{font-size:var( --e-global-typography-secondary-font-size );line-height:var( --e-global-typography-secondary-line-height );}.elementor-344 .elementor-element.elementor-element-b5f27a0 .elementor-icon-box-description{font-size:var( --e-global-typography-text-font-size );line-height:var( --e-global-typography-text-line-height );}.elementor-344 .elementor-element.elementor-element-e396a4f{text-align:center;}.elementor-344 .elementor-element.elementor-element-96e160a .elementor-icon-box-title, .elementor-344 .elementor-element.elementor-element-96e160a .elementor-icon-box-title a{font-size:var( --e-global-typography-6971851-font-size );line-height:var( --e-global-typography-6971851-line-height );letter-spacing:var( --e-global-typography-6971851-letter-spacing );word-spacing:var( --e-global-typography-6971851-word-spacing );}}<\/style>\t\t<div data-elementor-type=\"wp-page\" data-elementor-id=\"344\" class=\"elementor elementor-344\" data-elementor-post-type=\"page\">\n\t\t\t\t\t\t<section class=\"elementor-section elementor-top-section elementor-element elementor-element-204e5ae elementor-section-boxed elementor-section-height-default elementor-section-height-default\" data-id=\"204e5ae\" data-element_type=\"section\" data-e-type=\"section\" data-settings=\"{&quot;background_background&quot;:&quot;classic&quot;}\">\n\t\t\t\t\t\t\t<div class=\"elementor-background-overlay\"><\/div>\n\t\t\t\t\t\t\t<div class=\"elementor-container elementor-column-gap-default\">\n\t\t\t\t\t<div class=\"elementor-column elementor-col-100 elementor-top-column elementor-element elementor-element-44c4fda\" data-id=\"44c4fda\" data-element_type=\"column\" data-e-type=\"column\">\n\t\t\t<div class=\"elementor-widget-wrap elementor-element-populated\">\n\t\t\t\t\t\t<div class=\"elementor-element elementor-element-174517d elementor-widget elementor-widget-heading\" data-id=\"174517d\" data-element_type=\"widget\" data-e-type=\"widget\" data-widget_type=\"heading.default\">\n\t\t\t\t\t<h2 class=\"elementor-heading-title elementor-size-default\">Promociones del mes<\/h2>\t\t\t\t<\/div>\n\t\t\t\t\t<\/div>\n\t\t<\/div>\n\t\t\t\t\t<\/div>\n\t\t<\/section>\n\t\t\t\t<section class=\"elementor-section elementor-top-section elementor-element elementor-element-ddb9578 elementor-section-boxed elementor-section-height-default elementor-section-height-default\" data-id=\"ddb9578\" data-element_type=\"section\" data-e-type=\"section\">\n\t\t\t\t\t\t\t<div class=\"elementor-background-overlay\"><\/div>\n\t\t\t\t\t\t\t<div class=\"elementor-container elementor-column-gap-default\">\n\t\t\t\t\t<div class=\"elementor-column elementor-col-33 elementor-top-column elementor-element elementor-element-c84b7f5\" data-id=\"c84b7f5\" data-element_type=\"column\" data-e-type=\"column\">\n\t\t\t<div class=\"elementor-widget-wrap elementor-element-populated\">\n\t\t\t\t\t\t<div class=\"elementor-element elementor-element-21f262b elementor-widget elementor-widget-image\" data-id=\"21f262b\" data-element_type=\"widget\" data-e-type=\"widget\" data-widget_type=\"image.default\">\n\t\t\t\t\t\t\t\t\t\t\t\t\t\t\t\t<a href=\"https:\/\/clinicaacostaortiz.com\/nueva\/wp-content\/uploads\/2026\/03\/Proociomes-Marzo-1.png\" data-elementor-open-lightbox=\"yes\" data-elementor-lightbox-title=\"Pro,ociomes Marzo (1)\" data-e-action-hash=\"#elementor-action%3Aaction%3Dlightbox%26settings%3DeyJpZCI6MzQ3LCJ1cmwiOiJodHRwczpcL1wvY2xpbmljYWFjb3N0YW9ydGl6LmNvbVwvbnVldmFcL3dwLWNvbnRlbnRcL3VwbG9hZHNcLzIwMjZcLzAzXC9Qcm9vY2lvbWVzLU1hcnpvLTEucG5nIn0%3D\">\n\t\t\t\t\t\t\t<img fetchpriority=\"high\" decoding=\"async\" width=\"1080\" height=\"1916\" src=\"https:\/\/clinicaacostaortiz.com\/nueva\/wp-content\/uploads\/2026\/03\/Proociomes-Marzo-1.png\" class=\"attachment-full size-full wp-image-347\" alt=\"\" srcset=\"https:\/\/clinicaacostaortiz.com\/nueva\/wp-content\/uploads\/2026\/03\/Proociomes-Marzo-1.png 1080w, https:\/\/clinicaacostaortiz.com\/nueva\/wp-content\/uploads\/2026\/03\/Proociomes-Marzo-1-169x300.png 169w, https:\/\/clinicaacostaortiz.com\/nueva\/wp-content\/uploads\/2026\/03\/Proociomes-Marzo-1-577x1024.png 577w, https:\/\/clinicaacostaortiz.com\/nueva\/wp-content\/uploads\/2026\/03\/Proociomes-Marzo-1-768x1362.png 768w, https:\/\/clinicaacostaortiz.com\/nueva\/wp-content\/uploads\/2026\/03\/Proociomes-Marzo-1-866x1536.png 866w\" sizes=\"(max-width: 1080px) 100vw, 1080px\" \/>\t\t\t\t\t\t\t\t<\/a>\n\t\t\t\t\t\t\t\t\t\t\t\t\t\t\t<\/div>\n\t\t\t\t\t<\/div>\n\t\t<\/div>\n\t\t\t\t<div class=\"elementor-column elementor-col-33 elementor-top-column elementor-element elementor-element-4a98d23\" data-id=\"4a98d23\" data-element_type=\"column\" data-e-type=\"column\">\n\t\t\t<div class=\"elementor-widget-wrap elementor-element-populated\">\n\t\t\t\t\t\t<div class=\"elementor-element elementor-element-ce518fa elementor-widget elementor-widget-image\" data-id=\"ce518fa\" data-element_type=\"widget\" data-e-type=\"widget\" data-widget_type=\"image.default\">\n\t\t\t\t\t\t\t\t\t\t\t\t\t\t\t\t<a href=\"https:\/\/clinicaacostaortiz.com\/nueva\/wp-content\/uploads\/2026\/03\/Proociomes-Marzo-2.png\" data-elementor-open-lightbox=\"yes\" data-elementor-lightbox-title=\"Pro,ociomes Marzo (2)\" data-e-action-hash=\"#elementor-action%3Aaction%3Dlightbox%26settings%3DeyJpZCI6MzQ4LCJ1cmwiOiJodHRwczpcL1wvY2xpbmljYWFjb3N0YW9ydGl6LmNvbVwvbnVldmFcL3dwLWNvbnRlbnRcL3VwbG9hZHNcLzIwMjZcLzAzXC9Qcm9vY2lvbWVzLU1hcnpvLTIucG5nIn0%3D\">\n\t\t\t\t\t\t\t<img decoding=\"async\" width=\"1080\" height=\"1920\" src=\"https:\/\/clinicaacostaortiz.com\/nueva\/wp-content\/uploads\/2026\/03\/Proociomes-Marzo-2.png\" class=\"attachment-full size-full wp-image-348\" alt=\"\" srcset=\"https:\/\/clinicaacostaortiz.com\/nueva\/wp-content\/uploads\/2026\/03\/Proociomes-Marzo-2.png 1080w, https:\/\/clinicaacostaortiz.com\/nueva\/wp-content\/uploads\/2026\/03\/Proociomes-Marzo-2-169x300.png 169w, https:\/\/clinicaacostaortiz.com\/nueva\/wp-content\/uploads\/2026\/03\/Proociomes-Marzo-2-576x1024.png 576w, https:\/\/clinicaacostaortiz.com\/nueva\/wp-content\/uploads\/2026\/03\/Proociomes-Marzo-2-768x1365.png 768w, https:\/\/clinicaacostaortiz.com\/nueva\/wp-content\/uploads\/2026\/03\/Proociomes-Marzo-2-864x1536.png 864w\" sizes=\"(max-width: 1080px) 100vw, 1080px\" \/>\t\t\t\t\t\t\t\t<\/a>\n\t\t\t\t\t\t\t\t\t\t\t\t\t\t\t<\/div>\n\t\t\t\t\t<\/div>\n\t\t<\/div>\n\t\t\t\t<div class=\"elementor-column elementor-col-33 elementor-top-column elementor-element elementor-element-53a2164\" data-id=\"53a2164\" data-element_type=\"column\" data-e-type=\"column\">\n\t\t\t<div class=\"elementor-widget-wrap elementor-element-populated\">\n\t\t\t\t\t\t<div class=\"elementor-element elementor-element-09beba6 elementor-widget elementor-widget-image\" data-id=\"09beba6\" data-element_type=\"widget\" data-e-type=\"widget\" data-widget_type=\"image.default\">\n\t\t\t\t\t\t\t\t\t\t\t\t\t\t\t<img decoding=\"async\" width=\"1080\" height=\"1920\" src=\"https:\/\/clinicaacostaortiz.com\/nueva\/wp-content\/uploads\/2026\/03\/Proociomes-Marzo-3.png\" class=\"attachment-full size-full wp-image-349\" alt=\"\" srcset=\"https:\/\/clinicaacostaortiz.com\/nueva\/wp-content\/uploads\/2026\/03\/Proociomes-Marzo-3.png 1080w, https:\/\/clinicaacostaortiz.com\/nueva\/wp-content\/uploads\/2026\/03\/Proociomes-Marzo-3-169x300.png 169w, https:\/\/clinicaacostaortiz.com\/nueva\/wp-content\/uploads\/2026\/03\/Proociomes-Marzo-3-576x1024.png 576w, https:\/\/clinicaacostaortiz.com\/nueva\/wp-content\/uploads\/2026\/03\/Proociomes-Marzo-3-768x1365.png 768w, https:\/\/clinicaacostaortiz.com\/nueva\/wp-content\/uploads\/2026\/03\/Proociomes-Marzo-3-864x1536.png 864w\" sizes=\"(max-width: 1080px) 100vw, 1080px\" \/>\t\t\t\t\t\t\t\t\t\t\t\t\t\t\t<\/div>\n\t\t\t\t\t<\/div>\n\t\t<\/div>\n\t\t\t\t\t<\/div>\n\t\t<\/section>\n\t\t\t\t<section class=\"elementor-section elementor-top-section elementor-element elementor-element-d6be99f elementor-section-boxed elementor-section-height-default elementor-section-height-default\" data-id=\"d6be99f\" data-element_type=\"section\" data-e-type=\"section\" data-settings=\"{&quot;background_background&quot;:&quot;classic&quot;}\">\n\t\t\t\t\t\t\t<div class=\"elementor-background-overlay\"><\/div>\n\t\t\t\t\t\t\t<div class=\"elementor-container elementor-column-gap-default\">\n\t\t\t\t\t<div class=\"elementor-column elementor-col-50 elementor-top-column elementor-element elementor-element-fae0297 elementor-hidden-phone\" data-id=\"fae0297\" data-element_type=\"column\" data-e-type=\"column\">\n\t\t\t<div class=\"elementor-widget-wrap\">\n\t\t\t\t\t\t\t<\/div>\n\t\t<\/div>\n\t\t\t\t<div class=\"elementor-column elementor-col-50 elementor-top-column elementor-element elementor-element-86ccd94\" data-id=\"86ccd94\" data-element_type=\"column\" data-e-type=\"column\" data-settings=\"{&quot;background_background&quot;:&quot;classic&quot;}\">\n\t\t\t<div class=\"elementor-widget-wrap elementor-element-populated\">\n\t\t\t\t\t\t<div class=\"elementor-element elementor-element-b5f27a0 elementor-position-inline-start elementor-view-framed elementor-shape-square elementor-mobile-position-block-start elementor-widget elementor-widget-icon-box\" data-id=\"b5f27a0\" data-element_type=\"widget\" data-e-type=\"widget\" data-widget_type=\"icon-box.default\">\n\t\t\t\t\t\t\t<div class=\"elementor-icon-box-wrapper\">\n\n\t\t\t\t\t\t<div class=\"elementor-icon-box-icon\">\n\t\t\t\t<span  class=\"elementor-icon\">\n\t\t\t\t<i aria-hidden=\"true\" class=\"icon icon-hospital\"><\/i>\t\t\t\t<\/span>\n\t\t\t<\/div>\n\t\t\t\n\t\t\t\t\t\t<div class=\"elementor-icon-box-content\">\n\n\t\t\t\t\t\t\t\t\t<h3 class=\"elementor-icon-box-title\">\n\t\t\t\t\t\t<span  >\n\t\t\t\t\t\t\tAtenci\u00f3n y orientaci\u00f3n m\u00e9dica\t\t\t\t\t\t<\/span>\n\t\t\t\t\t<\/h3>\n\t\t\t\t\n\t\t\t\t\n\t\t\t<\/div>\n\t\t\t\n\t\t<\/div>\n\t\t\t\t\t\t<\/div>\n\t\t\t\t<div class=\"elementor-element elementor-element-e396a4f elementor-widget elementor-widget-text-editor\" data-id=\"e396a4f\" data-element_type=\"widget\" data-e-type=\"widget\" data-widget_type=\"text-editor.default\">\n\t\t\t\t\t\t\t\t\tEstamos disponibles para brindarte informaci\u00f3n y orientaci\u00f3n sobre nuestros servicios, especialidades y atenci\u00f3n institucional.\t\t\t\t\t\t\t\t<\/div>\n\t\t\t\t<div class=\"elementor-element elementor-element-96e160a elementor-position-inline-start elementor-view-default elementor-mobile-position-block-start elementor-widget elementor-widget-icon-box\" data-id=\"96e160a\" data-element_type=\"widget\" data-e-type=\"widget\" data-widget_type=\"icon-box.default\">\n\t\t\t\t\t\t\t<div class=\"elementor-icon-box-wrapper\">\n\n\t\t\t\t\t\t<div class=\"elementor-icon-box-icon\">\n\t\t\t\t<span  class=\"elementor-icon\">\n\t\t\t\t<i aria-hidden=\"true\" class=\"icon icon-phone1\"><\/i>\t\t\t\t<\/span>\n\t\t\t<\/div>\n\t\t\t\n\t\t\t\t\t\t<div class=\"elementor-icon-box-content\">\n\n\t\t\t\t\t\t\t\t\t<h3 class=\"elementor-icon-box-title\">\n\t\t\t\t\t\t<span  >\n\t\t\t\t\t\t\t0412-5132322\t\t\t\t\t\t<\/span>\n\t\t\t\t\t<\/h3>\n\t\t\t\t\n\t\t\t\t\n\t\t\t<\/div>\n\t\t\t\n\t\t<\/div>\n\t\t\t\t\t\t<\/div>\n\t\t\t\t\t<\/div>\n\t\t<\/div>\n\t\t\t\t\t<\/div>\n\t\t<\/section>\n\t\t\t\t<\/div>\n\t\t","protected":false},"excerpt":{"rendered":"<p>Promociones del mes Atenci\u00f3n y orientaci\u00f3n m\u00e9dica Estamos disponibles para brindarte informaci\u00f3n y orientaci\u00f3n sobre nuestros servicios, especialidades y atenci\u00f3n [&hellip;]<\/p>\n","protected":false},"author":1,"featured_media":0,"parent":0,"menu_order":0,"comment_status":"closed","ping_status":"closed","template":"","meta":{"site-sidebar-layout":"no-sidebar","site-content-layout":"","ast-site-content-layout":"full-width-container","site-content-style":"default","site-sidebar-style":"default","ast-global-header-display":"","ast-banner-title-visibility":"","ast-main-header-display":"","ast-hfb-above-header-display":"","ast-hfb-below-header-display":"","ast-hfb-mobile-header-display":"","site-post-title":"disabled","ast-breadcrumbs-content":"","ast-featured-img":"disabled","footer-sml-layout":"","ast-disable-related-posts":"","theme-transparent-header-meta":"","adv-header-id-meta":"","stick-header-meta":"","header-above-stick-meta":"","header-main-stick-meta":"","header-below-stick-meta":"","astra-migrate-meta-layouts":"default","ast-page-background-enabled":"default","ast-page-background-meta":{"desktop":{"background-color":"var(--ast-global-color-5)","background-image":"","background-repeat":"repeat","background-position":"center center","background-size":"auto","background-attachment":"scroll","background-type":"","background-media":"","overlay-type":"","overlay-color":"","overlay-opacity":"","overlay-gradient":""},"tablet":{"background-color":"","background-image":"","background-repeat":"repeat","background-position":"center center","background-size":"auto","background-attachment":"scroll","background-type":"","background-media":"","overlay-type":"","overlay-color":"","overlay-opacity":"","overlay-gradient":""},"mobile":{"background-color":"","background-image":"","background-repeat":"repeat","background-position":"center center","background-size":"auto","background-attachment":"scroll","background-type":"","background-media":"","overlay-type":"","overlay-color":"","overlay-opacity":"","overlay-gradient":""}},"ast-content-background-meta":{"desktop":{"background-color":"var(--ast-global-color-4)","background-image":"","background-repeat":"repeat","background-position":"center center","background-size":"auto","background-attachment":"scroll","background-type":"","background-media":"","overlay-type":"","overlay-color":"","overlay-opacity":"","overlay-gradient":""},"tablet":{"background-color":"var(--ast-global-color-4)","background-image":"","background-repeat":"repeat","background-position":"center center","background-size":"auto","background-attachment":"scroll","background-type":"","background-media":"","overlay-type":"","overlay-color":"","overlay-opacity":"","overlay-gradient":""},"mobile":{"background-color":"var(--ast-global-color-4)","background-image":"","background-repeat":"repeat","background-position":"center center","background-size":"auto","background-attachment":"scroll","background-type":"","background-media":"","overlay-type":"","overlay-color":"","overlay-opacity":"","overlay-gradient":""}},"footnotes":""},"class_list":["post-344","page","type-page","status-publish","hentry"],"_links":{"self":[{"href":"https:\/\/clinicaacostaortiz.com\/nueva\/wp-json\/wp\/v2\/pages\/344","targetHints":{"allow":["GET"]}}],"collection":[{"href":"https:\/\/clinicaacostaortiz.com\/nueva\/wp-json\/wp\/v2\/pages"}],"about":[{"href":"https:\/\/clinicaacostaortiz.com\/nueva\/wp-json\/wp\/v2\/types\/page"}],"author":[{"embeddable":true,"href":"https:\/\/clinicaacostaortiz.com\/nueva\/wp-json\/wp\/v2\/users\/1"}],"replies":[{"embeddable":true,"href":"https:\/\/clinicaacostaortiz.com\/nueva\/wp-json\/wp\/v2\/comments?post=344"}],"version-history":[{"count":13,"href":"https:\/\/clinicaacostaortiz.com\/nueva\/wp-json\/wp\/v2\/pages\/344\/revisions"}],"predecessor-version":[{"id":499,"href":"https:\/\/clinicaacostaortiz.com\/nueva\/wp-json\/wp\/v2\/pages\/344\/revisions\/499"}],"wp:attachment":[{"href":"https:\/\/clinicaacostaortiz.com\/nueva\/wp-json\/wp\/v2\/media?parent=344"}],"curies":[{"name":"wp","href":"https:\/\/api.w.org\/{rel}","templated":true}]}}